{"id":2,"date":"2021-09-27T16:33:30","date_gmt":"2021-09-27T14:33:30","guid":{"rendered":"http:\/\/miyostudio.pl\/\/krabet\/?page_id=2"},"modified":"2026-03-12T11:12:39","modified_gmt":"2026-03-12T09:12:39","slug":"strona-glowna","status":"publish","type":"page","link":"https:\/\/krabet.pl\/strona-glowna\/","title":{"rendered":"Strona g\u0142\u00f3wna"},"content":{"rendered":"","protected":false},"excerpt":{"rendered":"","protected":false},"author":3,"featured_media":0,"parent":0,"menu_order":0,"comment_status":"closed","ping_status":"closed","template":"page-templates\/page-home.php","meta":{"footnotes":""},"class_list":["post-2","page","type-page","status-publish","hentry"],"acf":[],"yoast_head":"<!-- This site is optimized with the Yoast SEO plugin v27.5 - https:\/\/yoast.com\/product\/yoast-seo-wordpress\/ -->\n<title>KRABET - Materia\u0142y budowlane wysokiej jako\u015bci<\/title>\n<meta name=\"description\" content=\"Produkujemy wysokiej jako\u015bci materia\u0142y budowlane z materia\u0142\u00f3w ekonomicznych, z poszanowaniem ekologii - w procesach niskoenergetycznych.\" \/>\n<meta name=\"robots\" content=\"index, follow, max-snippet:-1, max-image-preview:large, max-video-preview:-1\" \/>\n<link rel=\"canonical\" href=\"https:\/\/krabet.pl\/strona-glowna\/\" \/>\n<meta property=\"og:locale\" content=\"pl_PL\" \/>\n<meta property=\"og:type\" content=\"article\" \/>\n<meta property=\"og:title\" content=\"KRABET - Materia\u0142y budowlane wysokiej jako\u015bci\" \/>\n<meta property=\"og:description\" content=\"Produkujemy wysokiej jako\u015bci materia\u0142y budowlane z materia\u0142\u00f3w ekonomicznych, z poszanowaniem ekologii - w procesach niskoenergetycznych.\" \/>\n<meta property=\"og:url\" content=\"https:\/\/krabet.pl\/strona-glowna\/\" \/>\n<meta property=\"og:site_name\" content=\"KRABET\" \/>\n<meta property=\"article:modified_time\" content=\"2026-03-12T09:12:39+00:00\" \/>\n<meta property=\"og:image\" content=\"https:\/\/krabet.pl\/wp-content\/uploads\/2021\/10\/dsfsf.jpg\" \/>\n\t<meta property=\"og:image:width\" content=\"1119\" \/>\n\t<meta property=\"og:image:height\" content=\"946\" \/>\n\t<meta property=\"og:image:type\" content=\"image\/jpeg\" \/>\n<meta name=\"twitter:card\" content=\"summary_large_image\" \/>\n<meta name=\"twitter:title\" content=\"KRABET - Materia\u0142y budowlane wysokiej jako\u015bci\" \/>\n<meta name=\"twitter:description\" content=\"Produkujemy wysokiej jako\u015bci materia\u0142y budowlane z materia\u0142\u00f3w ekonomicznych, z poszanowaniem ekologii - w procesach niskoenergetycznych.\" \/>\n<meta name=\"twitter:image\" content=\"https:\/\/krabet.pl\/wp-content\/uploads\/2021\/10\/dsfsf.jpg\" \/>\n<script type=\"application\/ld+json\" class=\"yoast-schema-graph\">{\"@context\":\"https:\\\/\\\/schema.org\",\"@graph\":[{\"@type\":\"WebPage\",\"@id\":\"https:\\\/\\\/krabet.pl\\\/strona-glowna\\\/\",\"url\":\"https:\\\/\\\/krabet.pl\\\/strona-glowna\\\/\",\"name\":\"KRABET - Materia\u0142y budowlane wysokiej jako\u015bci\",\"isPartOf\":{\"@id\":\"https:\\\/\\\/krabet.pl\\\/strona-glowna\\\/#website\"},\"datePublished\":\"2021-09-27T14:33:30+00:00\",\"dateModified\":\"2026-03-12T09:12:39+00:00\",\"description\":\"Produkujemy wysokiej jako\u015bci materia\u0142y budowlane z materia\u0142\u00f3w ekonomicznych, z poszanowaniem ekologii - w procesach niskoenergetycznych.\",\"breadcrumb\":{\"@id\":\"https:\\\/\\\/krabet.pl\\\/strona-glowna\\\/#breadcrumb\"},\"inLanguage\":\"pl-PL\",\"potentialAction\":[{\"@type\":\"ReadAction\",\"target\":[\"https:\\\/\\\/krabet.pl\\\/strona-glowna\\\/\"]}]},{\"@type\":\"BreadcrumbList\",\"@id\":\"https:\\\/\\\/krabet.pl\\\/strona-glowna\\\/#breadcrumb\",\"itemListElement\":[{\"@type\":\"ListItem\",\"position\":1,\"name\":\"Strona g\u0142\u00f3wna\",\"item\":\"https:\\\/\\\/krabet.pl\\\/strona-glowna\\\/\"},{\"@type\":\"ListItem\",\"position\":2,\"name\":\"Strona g\u0142\u00f3wna\"}]},{\"@type\":\"WebSite\",\"@id\":\"https:\\\/\\\/krabet.pl\\\/strona-glowna\\\/#website\",\"url\":\"https:\\\/\\\/krabet.pl\\\/strona-glowna\\\/\",\"name\":\"KRABET\",\"description\":\"Krabet\",\"publisher\":{\"@id\":\"https:\\\/\\\/krabet.pl\\\/strona-glowna\\\/#organization\"},\"potentialAction\":[{\"@type\":\"SearchAction\",\"target\":{\"@type\":\"EntryPoint\",\"urlTemplate\":\"https:\\\/\\\/krabet.pl\\\/strona-glowna\\\/?s={search_term_string}\"},\"query-input\":{\"@type\":\"PropertyValueSpecification\",\"valueRequired\":true,\"valueName\":\"search_term_string\"}}],\"inLanguage\":\"pl-PL\"},{\"@type\":\"Organization\",\"@id\":\"https:\\\/\\\/krabet.pl\\\/strona-glowna\\\/#organization\",\"name\":\"KRABET\",\"url\":\"https:\\\/\\\/krabet.pl\\\/strona-glowna\\\/\",\"logo\":{\"@type\":\"ImageObject\",\"inLanguage\":\"pl-PL\",\"@id\":\"https:\\\/\\\/krabet.pl\\\/strona-glowna\\\/#\\\/schema\\\/logo\\\/image\\\/\",\"url\":\"https:\\\/\\\/krabet.pl\\\/wp-content\\\/uploads\\\/2021\\\/09\\\/KRABET-logo-1.png\",\"contentUrl\":\"https:\\\/\\\/krabet.pl\\\/wp-content\\\/uploads\\\/2021\\\/09\\\/KRABET-logo-1.png\",\"width\":143,\"height\":32,\"caption\":\"KRABET\"},\"image\":{\"@id\":\"https:\\\/\\\/krabet.pl\\\/strona-glowna\\\/#\\\/schema\\\/logo\\\/image\\\/\"}}]}<\/script>\n<!-- \/ Yoast SEO plugin. -->","yoast_head_json":{"title":"KRABET - Materia\u0142y budowlane wysokiej jako\u015bci","description":"Produkujemy wysokiej jako\u015bci materia\u0142y budowlane z materia\u0142\u00f3w ekonomicznych, z poszanowaniem ekologii - w procesach niskoenergetycznych.","robots":{"index":"index","follow":"follow","max-snippet":"max-snippet:-1","max-image-preview":"max-image-preview:large","max-video-preview":"max-video-preview:-1"},"canonical":"https:\/\/krabet.pl\/strona-glowna\/","og_locale":"pl_PL","og_type":"article","og_title":"KRABET - Materia\u0142y budowlane wysokiej jako\u015bci","og_description":"Produkujemy wysokiej jako\u015bci materia\u0142y budowlane z materia\u0142\u00f3w ekonomicznych, z poszanowaniem ekologii - w procesach niskoenergetycznych.","og_url":"https:\/\/krabet.pl\/strona-glowna\/","og_site_name":"KRABET","article_modified_time":"2026-03-12T09:12:39+00:00","og_image":[{"width":1119,"height":946,"url":"https:\/\/krabet.pl\/wp-content\/uploads\/2021\/10\/dsfsf.jpg","type":"image\/jpeg"}],"twitter_card":"summary_large_image","twitter_title":"KRABET - Materia\u0142y budowlane wysokiej jako\u015bci","twitter_description":"Produkujemy wysokiej jako\u015bci materia\u0142y budowlane z materia\u0142\u00f3w ekonomicznych, z poszanowaniem ekologii - w procesach niskoenergetycznych.","twitter_image":"https:\/\/krabet.pl\/wp-content\/uploads\/2021\/10\/dsfsf.jpg","schema":{"@context":"https:\/\/schema.org","@graph":[{"@type":"WebPage","@id":"https:\/\/krabet.pl\/strona-glowna\/","url":"https:\/\/krabet.pl\/strona-glowna\/","name":"KRABET - Materia\u0142y budowlane wysokiej jako\u015bci","isPartOf":{"@id":"https:\/\/krabet.pl\/strona-glowna\/#website"},"datePublished":"2021-09-27T14:33:30+00:00","dateModified":"2026-03-12T09:12:39+00:00","description":"Produkujemy wysokiej jako\u015bci materia\u0142y budowlane z materia\u0142\u00f3w ekonomicznych, z poszanowaniem ekologii - w procesach niskoenergetycznych.","breadcrumb":{"@id":"https:\/\/krabet.pl\/strona-glowna\/#breadcrumb"},"inLanguage":"pl-PL","potentialAction":[{"@type":"ReadAction","target":["https:\/\/krabet.pl\/strona-glowna\/"]}]},{"@type":"BreadcrumbList","@id":"https:\/\/krabet.pl\/strona-glowna\/#breadcrumb","itemListElement":[{"@type":"ListItem","position":1,"name":"Strona g\u0142\u00f3wna","item":"https:\/\/krabet.pl\/strona-glowna\/"},{"@type":"ListItem","position":2,"name":"Strona g\u0142\u00f3wna"}]},{"@type":"WebSite","@id":"https:\/\/krabet.pl\/strona-glowna\/#website","url":"https:\/\/krabet.pl\/strona-glowna\/","name":"KRABET","description":"Krabet","publisher":{"@id":"https:\/\/krabet.pl\/strona-glowna\/#organization"},"potentialAction":[{"@type":"SearchAction","target":{"@type":"EntryPoint","urlTemplate":"https:\/\/krabet.pl\/strona-glowna\/?s={search_term_string}"},"query-input":{"@type":"PropertyValueSpecification","valueRequired":true,"valueName":"search_term_string"}}],"inLanguage":"pl-PL"},{"@type":"Organization","@id":"https:\/\/krabet.pl\/strona-glowna\/#organization","name":"KRABET","url":"https:\/\/krabet.pl\/strona-glowna\/","logo":{"@type":"ImageObject","inLanguage":"pl-PL","@id":"https:\/\/krabet.pl\/strona-glowna\/#\/schema\/logo\/image\/","url":"https:\/\/krabet.pl\/wp-content\/uploads\/2021\/09\/KRABET-logo-1.png","contentUrl":"https:\/\/krabet.pl\/wp-content\/uploads\/2021\/09\/KRABET-logo-1.png","width":143,"height":32,"caption":"KRABET"},"image":{"@id":"https:\/\/krabet.pl\/strona-glowna\/#\/schema\/logo\/image\/"}}]}},"jetpack_sharing_enabled":true,"_links":{"self":[{"href":"https:\/\/krabet.pl\/strona-glowna\/wp-json\/wp\/v2\/pages\/2","targetHints":{"allow":["GET"]}}],"collection":[{"href":"https:\/\/krabet.pl\/strona-glowna\/wp-json\/wp\/v2\/pages"}],"about":[{"href":"https:\/\/krabet.pl\/strona-glowna\/wp-json\/wp\/v2\/types\/page"}],"author":[{"embeddable":true,"href":"https:\/\/krabet.pl\/strona-glowna\/wp-json\/wp\/v2\/users\/3"}],"replies":[{"embeddable":true,"href":"https:\/\/krabet.pl\/strona-glowna\/wp-json\/wp\/v2\/comments?post=2"}],"version-history":[{"count":60,"href":"https:\/\/krabet.pl\/strona-glowna\/wp-json\/wp\/v2\/pages\/2\/revisions"}],"predecessor-version":[{"id":847,"href":"https:\/\/krabet.pl\/strona-glowna\/wp-json\/wp\/v2\/pages\/2\/revisions\/847"}],"wp:attachment":[{"href":"https:\/\/krabet.pl\/strona-glowna\/wp-json\/wp\/v2\/media?parent=2"}],"curies":[{"name":"wp","href":"https:\/\/api.w.org\/{rel}","templated":true}]}}