{"id":151,"date":"2021-09-29T10:15:02","date_gmt":"2021-09-29T08:15:02","guid":{"rendered":"http:\/\/krabet.dedyk1.wertui.pl\/?page_id=151"},"modified":"2021-10-20T12:01:27","modified_gmt":"2021-10-20T10:01:27","slug":"aktualnosci","status":"publish","type":"page","link":"https:\/\/krabet.pl\/strona-glowna\/aktualnosci\/","title":{"rendered":"Aktualno\u015bci"},"content":{"rendered":"","protected":false},"excerpt":{"rendered":"","protected":false},"author":3,"featured_media":0,"parent":0,"menu_order":0,"comment_status":"closed","ping_status":"closed","template":"page-templates\/page-akt.php","meta":{"footnotes":""},"class_list":["post-151","page","type-page","status-publish","hentry"],"acf":[],"yoast_head":"<!-- This site is optimized with the Yoast SEO plugin v27.4 - https:\/\/yoast.com\/product\/yoast-seo-wordpress\/ -->\n<title>Aktualno\u015bci - KRABET<\/title>\n<meta name=\"description\" content=\"Codziennie zaopatrujemy dziesi\u0105tki firm i hurtowni budowlanych. Do\u0142\u0105cz do naszych partner\u00f3w i zaopatruj si\u0119 w materia\u0142y dzi\u0119ki KRABET!\" \/>\n<meta name=\"robots\" content=\"index, follow, max-snippet:-1, max-image-preview:large, max-video-preview:-1\" \/>\n<link rel=\"canonical\" href=\"https:\/\/krabet.pl\/strona-glowna\/aktualnosci\/\" \/>\n<meta property=\"og:locale\" content=\"pl_PL\" \/>\n<meta property=\"og:type\" content=\"article\" \/>\n<meta property=\"og:title\" content=\"Aktualno\u015bci - KRABET\" \/>\n<meta property=\"og:description\" content=\"Codziennie zaopatrujemy dziesi\u0105tki firm i hurtowni budowlanych. Do\u0142\u0105cz do naszych partner\u00f3w i zaopatruj si\u0119 w materia\u0142y dzi\u0119ki KRABET!\" \/>\n<meta property=\"og:url\" content=\"https:\/\/krabet.pl\/strona-glowna\/aktualnosci\/\" \/>\n<meta property=\"og:site_name\" content=\"KRABET\" \/>\n<meta property=\"article:modified_time\" content=\"2021-10-20T10:01:27+00:00\" \/>\n<meta property=\"og:image\" content=\"https:\/\/krabet.pl\/wp-content\/uploads\/2021\/10\/dsfsf.jpg\" \/>\n\t<meta property=\"og:image:width\" content=\"1119\" \/>\n\t<meta property=\"og:image:height\" content=\"946\" \/>\n\t<meta property=\"og:image:type\" content=\"image\/jpeg\" \/>\n<meta name=\"twitter:card\" content=\"summary_large_image\" \/>\n<script type=\"application\/ld+json\" class=\"yoast-schema-graph\">{\"@context\":\"https:\\\/\\\/schema.org\",\"@graph\":[{\"@type\":\"WebPage\",\"@id\":\"https:\\\/\\\/krabet.pl\\\/strona-glowna\\\/aktualnosci\\\/\",\"url\":\"https:\\\/\\\/krabet.pl\\\/strona-glowna\\\/aktualnosci\\\/\",\"name\":\"Aktualno\u015bci - KRABET\",\"isPartOf\":{\"@id\":\"https:\\\/\\\/krabet.pl\\\/strona-glowna\\\/#website\"},\"datePublished\":\"2021-09-29T08:15:02+00:00\",\"dateModified\":\"2021-10-20T10:01:27+00:00\",\"description\":\"Codziennie zaopatrujemy dziesi\u0105tki firm i hurtowni budowlanych. Do\u0142\u0105cz do naszych partner\u00f3w i zaopatruj si\u0119 w materia\u0142y dzi\u0119ki KRABET!\",\"breadcrumb\":{\"@id\":\"https:\\\/\\\/krabet.pl\\\/strona-glowna\\\/aktualnosci\\\/#breadcrumb\"},\"inLanguage\":\"pl-PL\",\"potentialAction\":[{\"@type\":\"ReadAction\",\"target\":[\"https:\\\/\\\/krabet.pl\\\/strona-glowna\\\/aktualnosci\\\/\"]}]},{\"@type\":\"BreadcrumbList\",\"@id\":\"https:\\\/\\\/krabet.pl\\\/strona-glowna\\\/aktualnosci\\\/#breadcrumb\",\"itemListElement\":[{\"@type\":\"ListItem\",\"position\":1,\"name\":\"Strona g\u0142\u00f3wna\",\"item\":\"https:\\\/\\\/krabet.pl\\\/strona-glowna\\\/\"},{\"@type\":\"ListItem\",\"position\":2,\"name\":\"Aktualno\u015bci\"}]},{\"@type\":\"WebSite\",\"@id\":\"https:\\\/\\\/krabet.pl\\\/strona-glowna\\\/#website\",\"url\":\"https:\\\/\\\/krabet.pl\\\/strona-glowna\\\/\",\"name\":\"KRABET\",\"description\":\"Krabet\",\"publisher\":{\"@id\":\"https:\\\/\\\/krabet.pl\\\/strona-glowna\\\/#organization\"},\"potentialAction\":[{\"@type\":\"SearchAction\",\"target\":{\"@type\":\"EntryPoint\",\"urlTemplate\":\"https:\\\/\\\/krabet.pl\\\/strona-glowna\\\/?s={search_term_string}\"},\"query-input\":{\"@type\":\"PropertyValueSpecification\",\"valueRequired\":true,\"valueName\":\"search_term_string\"}}],\"inLanguage\":\"pl-PL\"},{\"@type\":\"Organization\",\"@id\":\"https:\\\/\\\/krabet.pl\\\/strona-glowna\\\/#organization\",\"name\":\"KRABET\",\"url\":\"https:\\\/\\\/krabet.pl\\\/strona-glowna\\\/\",\"logo\":{\"@type\":\"ImageObject\",\"inLanguage\":\"pl-PL\",\"@id\":\"https:\\\/\\\/krabet.pl\\\/strona-glowna\\\/#\\\/schema\\\/logo\\\/image\\\/\",\"url\":\"https:\\\/\\\/krabet.pl\\\/wp-content\\\/uploads\\\/2021\\\/09\\\/KRABET-logo-1.png\",\"contentUrl\":\"https:\\\/\\\/krabet.pl\\\/wp-content\\\/uploads\\\/2021\\\/09\\\/KRABET-logo-1.png\",\"width\":143,\"height\":32,\"caption\":\"KRABET\"},\"image\":{\"@id\":\"https:\\\/\\\/krabet.pl\\\/strona-glowna\\\/#\\\/schema\\\/logo\\\/image\\\/\"}}]}<\/script>\n<!-- \/ Yoast SEO plugin. -->","yoast_head_json":{"title":"Aktualno\u015bci - KRABET","description":"Codziennie zaopatrujemy dziesi\u0105tki firm i hurtowni budowlanych. Do\u0142\u0105cz do naszych partner\u00f3w i zaopatruj si\u0119 w materia\u0142y dzi\u0119ki KRABET!","robots":{"index":"index","follow":"follow","max-snippet":"max-snippet:-1","max-image-preview":"max-image-preview:large","max-video-preview":"max-video-preview:-1"},"canonical":"https:\/\/krabet.pl\/strona-glowna\/aktualnosci\/","og_locale":"pl_PL","og_type":"article","og_title":"Aktualno\u015bci - KRABET","og_description":"Codziennie zaopatrujemy dziesi\u0105tki firm i hurtowni budowlanych. Do\u0142\u0105cz do naszych partner\u00f3w i zaopatruj si\u0119 w materia\u0142y dzi\u0119ki KRABET!","og_url":"https:\/\/krabet.pl\/strona-glowna\/aktualnosci\/","og_site_name":"KRABET","article_modified_time":"2021-10-20T10:01:27+00:00","og_image":[{"width":1119,"height":946,"url":"https:\/\/krabet.pl\/wp-content\/uploads\/2021\/10\/dsfsf.jpg","type":"image\/jpeg"}],"twitter_card":"summary_large_image","schema":{"@context":"https:\/\/schema.org","@graph":[{"@type":"WebPage","@id":"https:\/\/krabet.pl\/strona-glowna\/aktualnosci\/","url":"https:\/\/krabet.pl\/strona-glowna\/aktualnosci\/","name":"Aktualno\u015bci - KRABET","isPartOf":{"@id":"https:\/\/krabet.pl\/strona-glowna\/#website"},"datePublished":"2021-09-29T08:15:02+00:00","dateModified":"2021-10-20T10:01:27+00:00","description":"Codziennie zaopatrujemy dziesi\u0105tki firm i hurtowni budowlanych. Do\u0142\u0105cz do naszych partner\u00f3w i zaopatruj si\u0119 w materia\u0142y dzi\u0119ki KRABET!","breadcrumb":{"@id":"https:\/\/krabet.pl\/strona-glowna\/aktualnosci\/#breadcrumb"},"inLanguage":"pl-PL","potentialAction":[{"@type":"ReadAction","target":["https:\/\/krabet.pl\/strona-glowna\/aktualnosci\/"]}]},{"@type":"BreadcrumbList","@id":"https:\/\/krabet.pl\/strona-glowna\/aktualnosci\/#breadcrumb","itemListElement":[{"@type":"ListItem","position":1,"name":"Strona g\u0142\u00f3wna","item":"https:\/\/krabet.pl\/strona-glowna\/"},{"@type":"ListItem","position":2,"name":"Aktualno\u015bci"}]},{"@type":"WebSite","@id":"https:\/\/krabet.pl\/strona-glowna\/#website","url":"https:\/\/krabet.pl\/strona-glowna\/","name":"KRABET","description":"Krabet","publisher":{"@id":"https:\/\/krabet.pl\/strona-glowna\/#organization"},"potentialAction":[{"@type":"SearchAction","target":{"@type":"EntryPoint","urlTemplate":"https:\/\/krabet.pl\/strona-glowna\/?s={search_term_string}"},"query-input":{"@type":"PropertyValueSpecification","valueRequired":true,"valueName":"search_term_string"}}],"inLanguage":"pl-PL"},{"@type":"Organization","@id":"https:\/\/krabet.pl\/strona-glowna\/#organization","name":"KRABET","url":"https:\/\/krabet.pl\/strona-glowna\/","logo":{"@type":"ImageObject","inLanguage":"pl-PL","@id":"https:\/\/krabet.pl\/strona-glowna\/#\/schema\/logo\/image\/","url":"https:\/\/krabet.pl\/wp-content\/uploads\/2021\/09\/KRABET-logo-1.png","contentUrl":"https:\/\/krabet.pl\/wp-content\/uploads\/2021\/09\/KRABET-logo-1.png","width":143,"height":32,"caption":"KRABET"},"image":{"@id":"https:\/\/krabet.pl\/strona-glowna\/#\/schema\/logo\/image\/"}}]}},"jetpack_sharing_enabled":true,"_links":{"self":[{"href":"https:\/\/krabet.pl\/strona-glowna\/wp-json\/wp\/v2\/pages\/151","targetHints":{"allow":["GET"]}}],"collection":[{"href":"https:\/\/krabet.pl\/strona-glowna\/wp-json\/wp\/v2\/pages"}],"about":[{"href":"https:\/\/krabet.pl\/strona-glowna\/wp-json\/wp\/v2\/types\/page"}],"author":[{"embeddable":true,"href":"https:\/\/krabet.pl\/strona-glowna\/wp-json\/wp\/v2\/users\/3"}],"replies":[{"embeddable":true,"href":"https:\/\/krabet.pl\/strona-glowna\/wp-json\/wp\/v2\/comments?post=151"}],"version-history":[{"count":2,"href":"https:\/\/krabet.pl\/strona-glowna\/wp-json\/wp\/v2\/pages\/151\/revisions"}],"predecessor-version":[{"id":561,"href":"https:\/\/krabet.pl\/strona-glowna\/wp-json\/wp\/v2\/pages\/151\/revisions\/561"}],"wp:attachment":[{"href":"https:\/\/krabet.pl\/strona-glowna\/wp-json\/wp\/v2\/media?parent=151"}],"curies":[{"name":"wp","href":"https:\/\/api.w.org\/{rel}","templated":true}]}}